{"id":5672,"date":"2017-01-05T13:52:19","date_gmt":"2017-01-05T13:52:19","guid":{"rendered":"http:\/\/casaelquinto.com\/?page_id=5672"},"modified":"2017-02-09T13:05:07","modified_gmt":"2017-02-09T13:05:07","slug":"vacaciones-en-lanzarote-con-tu-mascota","status":"publish","type":"page","link":"https:\/\/casaelquinto.com\/fr\/vacaciones-en-lanzarote-con-tu-mascota\/","title":{"rendered":"(Espa\u00f1ol) Vacaciones en Lanzarote con tu mascota"},"content":{"rendered":"<p class=\"qtranxs-available-languages-message qtranxs-available-languages-message-fr\">D\u00e9sol\u00e9, cet article est seulement disponible en <a href=\"https:\/\/casaelquinto.com\/es\/wp-json\/wp\/v2\/pages\/5672\" class=\"qtranxs-available-language-link qtranxs-available-language-link-es\" title=\"Espa\u00f1ol\">Espa\u00f1ol<\/a>, <a href=\"https:\/\/casaelquinto.com\/en\/wp-json\/wp\/v2\/pages\/5672\" class=\"qtranxs-available-language-link qtranxs-available-language-link-en\" title=\"English\">English<\/a> et <a href=\"https:\/\/casaelquinto.com\/de\/wp-json\/wp\/v2\/pages\/5672\" class=\"qtranxs-available-language-link qtranxs-available-language-link-de\" title=\"Deutsch\">Deutsch<\/a>.<\/p>","protected":false},"excerpt":{"rendered":"<p>D\u00e9sol\u00e9, cet article est seulement disponible en Espa\u00f1ol, English et Deutsch.<\/p>\n","protected":false},"author":3,"featured_media":5674,"parent":0,"menu_order":0,"comment_status":"closed","ping_status":"closed","template":"","meta":{"footnotes":""},"class_list":["post-5672","page","type-page","status-publish","has-post-thumbnail","hentry"],"yoast_head":"<!-- This site is optimized with the Yoast SEO plugin v27.4 - https:\/\/yoast.com\/product\/yoast-seo-wordpress\/ -->\n<title>Vacaciones en Lanzarote con tu mascota - Casa Rural El Quinto<\/title>\n<meta name=\"description\" content=\"Disfruta de unas vacaciones en Lanzarote con tu mascota en Casa Rural El Quinto Lanzarote. Alquiler Vacacional en entorno natural con Mascotas bienvenidas..\" \/>\n<meta name=\"robots\" content=\"index, follow, max-snippet:-1, max-image-preview:large, max-video-preview:-1\" \/>\n<link rel=\"canonical\" href=\"https:\/\/casaelquinto.com\/vacaciones-en-lanzarote-con-tu-mascota\/\" \/>\n<meta property=\"og:locale\" content=\"fr_FR\" \/>\n<meta property=\"og:type\" content=\"article\" \/>\n<meta property=\"og:title\" content=\"Vacaciones en Lanzarote con tu mascota - Casa Rural El Quinto\" \/>\n<meta property=\"og:description\" content=\"Disfruta de unas vacaciones en Lanzarote con tu mascota en Casa Rural El Quinto Lanzarote. Alquiler Vacacional en entorno natural con Mascotas bienvenidas..\" \/>\n<meta property=\"og:url\" content=\"https:\/\/casaelquinto.com\/vacaciones-en-lanzarote-con-tu-mascota\/\" \/>\n<meta property=\"og:site_name\" content=\"(Espa\u00f1ol) Casa El Quinto\" \/>\n<meta property=\"article:modified_time\" content=\"2017-02-09T13:05:07+00:00\" \/>\n<meta property=\"og:image\" content=\"https:\/\/casaelquinto.s3.eu-west-1.amazonaws.com\/wp-content\/uploads\/2017\/01\/lanzarote-mascotas-casa-rural.jpg\" \/>\n\t<meta property=\"og:image:width\" content=\"1600\" \/>\n\t<meta property=\"og:image:height\" content=\"1066\" \/>\n\t<meta property=\"og:image:type\" content=\"image\/jpeg\" \/>\n<meta name=\"twitter:card\" content=\"summary_large_image\" \/>\n<meta name=\"twitter:label1\" content=\"Dur\u00e9e de lecture estim\u00e9e\" \/>\n\t<meta name=\"twitter:data1\" content=\"12 minutes\" \/>\n<script type=\"application\/ld+json\" class=\"yoast-schema-graph\">{\"@context\":\"https:\\\/\\\/schema.org\",\"@graph\":[{\"@type\":\"WebPage\",\"@id\":\"https:\\\/\\\/casaelquinto.com\\\/vacaciones-en-lanzarote-con-tu-mascota\\\/\",\"url\":\"https:\\\/\\\/casaelquinto.com\\\/vacaciones-en-lanzarote-con-tu-mascota\\\/\",\"name\":\"Vacaciones en Lanzarote con tu mascota - Casa Rural El Quinto\",\"isPartOf\":{\"@id\":\"https:\\\/\\\/casaelquinto.com\\\/#website\"},\"primaryImageOfPage\":{\"@id\":\"https:\\\/\\\/casaelquinto.com\\\/vacaciones-en-lanzarote-con-tu-mascota\\\/#primaryimage\"},\"image\":{\"@id\":\"https:\\\/\\\/casaelquinto.com\\\/vacaciones-en-lanzarote-con-tu-mascota\\\/#primaryimage\"},\"thumbnailUrl\":\"https:\\\/\\\/casaelquinto.com\\\/wp-content\\\/uploads\\\/2017\\\/01\\\/lanzarote-mascotas-casa-rural.jpg\",\"datePublished\":\"2017-01-05T13:52:19+00:00\",\"dateModified\":\"2017-02-09T13:05:07+00:00\",\"description\":\"Disfruta de unas vacaciones en Lanzarote con tu mascota en Casa Rural El Quinto Lanzarote. Alquiler Vacacional en entorno natural con Mascotas bienvenidas..\",\"breadcrumb\":{\"@id\":\"https:\\\/\\\/casaelquinto.com\\\/vacaciones-en-lanzarote-con-tu-mascota\\\/#breadcrumb\"},\"inLanguage\":\"fr-FR\",\"potentialAction\":[{\"@type\":\"ReadAction\",\"target\":[\"https:\\\/\\\/casaelquinto.com\\\/vacaciones-en-lanzarote-con-tu-mascota\\\/\"]}]},{\"@type\":\"ImageObject\",\"inLanguage\":\"fr-FR\",\"@id\":\"https:\\\/\\\/casaelquinto.com\\\/vacaciones-en-lanzarote-con-tu-mascota\\\/#primaryimage\",\"url\":\"https:\\\/\\\/casaelquinto.com\\\/wp-content\\\/uploads\\\/2017\\\/01\\\/lanzarote-mascotas-casa-rural.jpg\",\"contentUrl\":\"https:\\\/\\\/casaelquinto.com\\\/wp-content\\\/uploads\\\/2017\\\/01\\\/lanzarote-mascotas-casa-rural.jpg\",\"width\":1600,\"height\":1066,\"caption\":\"Imagen de Torrey Wiley\"},{\"@type\":\"BreadcrumbList\",\"@id\":\"https:\\\/\\\/casaelquinto.com\\\/vacaciones-en-lanzarote-con-tu-mascota\\\/#breadcrumb\",\"itemListElement\":[{\"@type\":\"ListItem\",\"position\":1,\"name\":\"Portada\",\"item\":\"https:\\\/\\\/casaelquinto.com\\\/\"},{\"@type\":\"ListItem\",\"position\":2,\"name\":\"Vacaciones en Lanzarote con tu mascota\"}]},{\"@type\":\"WebSite\",\"@id\":\"https:\\\/\\\/casaelquinto.com\\\/#website\",\"url\":\"https:\\\/\\\/casaelquinto.com\\\/\",\"name\":\"(Espa\u00f1ol) Casa El Quinto\",\"description\":\"(Espa\u00f1ol) Silencio, armon\u00eda y confort\",\"publisher\":{\"@id\":\"https:\\\/\\\/casaelquinto.com\\\/#organization\"},\"potentialAction\":[{\"@type\":\"SearchAction\",\"target\":{\"@type\":\"EntryPoint\",\"urlTemplate\":\"https:\\\/\\\/casaelquinto.com\\\/?s={search_term_string}\"},\"query-input\":{\"@type\":\"PropertyValueSpecification\",\"valueRequired\":true,\"valueName\":\"search_term_string\"}}],\"inLanguage\":\"fr-FR\"},{\"@type\":\"Organization\",\"@id\":\"https:\\\/\\\/casaelquinto.com\\\/#organization\",\"name\":\"Finca El Quinto\",\"url\":\"https:\\\/\\\/casaelquinto.com\\\/\",\"logo\":{\"@type\":\"ImageObject\",\"inLanguage\":\"fr-FR\",\"@id\":\"https:\\\/\\\/casaelquinto.com\\\/#\\\/schema\\\/logo\\\/image\\\/\",\"url\":\"https:\\\/\\\/casaelquinto.s3.eu-west-1.amazonaws.com\\\/wp-content\\\/uploads\\\/2017\\\/10\\\/logoCasaElQuintox2.png\",\"contentUrl\":\"https:\\\/\\\/casaelquinto.s3.eu-west-1.amazonaws.com\\\/wp-content\\\/uploads\\\/2017\\\/10\\\/logoCasaElQuintox2.png\",\"width\":600,\"height\":207,\"caption\":\"Finca El Quinto\"},\"image\":{\"@id\":\"https:\\\/\\\/casaelquinto.com\\\/#\\\/schema\\\/logo\\\/image\\\/\"}}]}<\/script>\n<!-- \/ Yoast SEO plugin. -->","yoast_head_json":{"title":"Vacaciones en Lanzarote con tu mascota - Casa Rural El Quinto","description":"Disfruta de unas vacaciones en Lanzarote con tu mascota en Casa Rural El Quinto Lanzarote. Alquiler Vacacional en entorno natural con Mascotas bienvenidas..","robots":{"index":"index","follow":"follow","max-snippet":"max-snippet:-1","max-image-preview":"max-image-preview:large","max-video-preview":"max-video-preview:-1"},"canonical":"https:\/\/casaelquinto.com\/vacaciones-en-lanzarote-con-tu-mascota\/","og_locale":"fr_FR","og_type":"article","og_title":"Vacaciones en Lanzarote con tu mascota - Casa Rural El Quinto","og_description":"Disfruta de unas vacaciones en Lanzarote con tu mascota en Casa Rural El Quinto Lanzarote. Alquiler Vacacional en entorno natural con Mascotas bienvenidas..","og_url":"https:\/\/casaelquinto.com\/vacaciones-en-lanzarote-con-tu-mascota\/","og_site_name":"(Espa\u00f1ol) Casa El Quinto","article_modified_time":"2017-02-09T13:05:07+00:00","og_image":[{"width":1600,"height":1066,"url":"https:\/\/casaelquinto.s3.eu-west-1.amazonaws.com\/wp-content\/uploads\/2017\/01\/lanzarote-mascotas-casa-rural.jpg","type":"image\/jpeg"}],"twitter_card":"summary_large_image","twitter_misc":{"Dur\u00e9e de lecture estim\u00e9e":"12 minutes"},"schema":{"@context":"https:\/\/schema.org","@graph":[{"@type":"WebPage","@id":"https:\/\/casaelquinto.com\/vacaciones-en-lanzarote-con-tu-mascota\/","url":"https:\/\/casaelquinto.com\/vacaciones-en-lanzarote-con-tu-mascota\/","name":"Vacaciones en Lanzarote con tu mascota - Casa Rural El Quinto","isPartOf":{"@id":"https:\/\/casaelquinto.com\/#website"},"primaryImageOfPage":{"@id":"https:\/\/casaelquinto.com\/vacaciones-en-lanzarote-con-tu-mascota\/#primaryimage"},"image":{"@id":"https:\/\/casaelquinto.com\/vacaciones-en-lanzarote-con-tu-mascota\/#primaryimage"},"thumbnailUrl":"https:\/\/casaelquinto.com\/wp-content\/uploads\/2017\/01\/lanzarote-mascotas-casa-rural.jpg","datePublished":"2017-01-05T13:52:19+00:00","dateModified":"2017-02-09T13:05:07+00:00","description":"Disfruta de unas vacaciones en Lanzarote con tu mascota en Casa Rural El Quinto Lanzarote. Alquiler Vacacional en entorno natural con Mascotas bienvenidas..","breadcrumb":{"@id":"https:\/\/casaelquinto.com\/vacaciones-en-lanzarote-con-tu-mascota\/#breadcrumb"},"inLanguage":"fr-FR","potentialAction":[{"@type":"ReadAction","target":["https:\/\/casaelquinto.com\/vacaciones-en-lanzarote-con-tu-mascota\/"]}]},{"@type":"ImageObject","inLanguage":"fr-FR","@id":"https:\/\/casaelquinto.com\/vacaciones-en-lanzarote-con-tu-mascota\/#primaryimage","url":"https:\/\/casaelquinto.com\/wp-content\/uploads\/2017\/01\/lanzarote-mascotas-casa-rural.jpg","contentUrl":"https:\/\/casaelquinto.com\/wp-content\/uploads\/2017\/01\/lanzarote-mascotas-casa-rural.jpg","width":1600,"height":1066,"caption":"Imagen de Torrey Wiley"},{"@type":"BreadcrumbList","@id":"https:\/\/casaelquinto.com\/vacaciones-en-lanzarote-con-tu-mascota\/#breadcrumb","itemListElement":[{"@type":"ListItem","position":1,"name":"Portada","item":"https:\/\/casaelquinto.com\/"},{"@type":"ListItem","position":2,"name":"Vacaciones en Lanzarote con tu mascota"}]},{"@type":"WebSite","@id":"https:\/\/casaelquinto.com\/#website","url":"https:\/\/casaelquinto.com\/","name":"(Espa\u00f1ol) Casa El Quinto","description":"(Espa\u00f1ol) Silencio, armon\u00eda y confort","publisher":{"@id":"https:\/\/casaelquinto.com\/#organization"},"potentialAction":[{"@type":"SearchAction","target":{"@type":"EntryPoint","urlTemplate":"https:\/\/casaelquinto.com\/?s={search_term_string}"},"query-input":{"@type":"PropertyValueSpecification","valueRequired":true,"valueName":"search_term_string"}}],"inLanguage":"fr-FR"},{"@type":"Organization","@id":"https:\/\/casaelquinto.com\/#organization","name":"Finca El Quinto","url":"https:\/\/casaelquinto.com\/","logo":{"@type":"ImageObject","inLanguage":"fr-FR","@id":"https:\/\/casaelquinto.com\/#\/schema\/logo\/image\/","url":"https:\/\/casaelquinto.s3.eu-west-1.amazonaws.com\/wp-content\/uploads\/2017\/10\/logoCasaElQuintox2.png","contentUrl":"https:\/\/casaelquinto.s3.eu-west-1.amazonaws.com\/wp-content\/uploads\/2017\/10\/logoCasaElQuintox2.png","width":600,"height":207,"caption":"Finca El Quinto"},"image":{"@id":"https:\/\/casaelquinto.com\/#\/schema\/logo\/image\/"}}]}},"_links":{"self":[{"href":"https:\/\/casaelquinto.com\/fr\/wp-json\/wp\/v2\/pages\/5672","targetHints":{"allow":["GET"]}}],"collection":[{"href":"https:\/\/casaelquinto.com\/fr\/wp-json\/wp\/v2\/pages"}],"about":[{"href":"https:\/\/casaelquinto.com\/fr\/wp-json\/wp\/v2\/types\/page"}],"author":[{"embeddable":true,"href":"https:\/\/casaelquinto.com\/fr\/wp-json\/wp\/v2\/users\/3"}],"replies":[{"embeddable":true,"href":"https:\/\/casaelquinto.com\/fr\/wp-json\/wp\/v2\/comments?post=5672"}],"version-history":[{"count":13,"href":"https:\/\/casaelquinto.com\/fr\/wp-json\/wp\/v2\/pages\/5672\/revisions"}],"predecessor-version":[{"id":5703,"href":"https:\/\/casaelquinto.com\/fr\/wp-json\/wp\/v2\/pages\/5672\/revisions\/5703"}],"wp:featuredmedia":[{"embeddable":true,"href":"https:\/\/casaelquinto.com\/fr\/wp-json\/wp\/v2\/media\/5674"}],"wp:attachment":[{"href":"https:\/\/casaelquinto.com\/fr\/wp-json\/wp\/v2\/media?parent=5672"}],"curies":[{"name":"wp","href":"https:\/\/api.w.org\/{rel}","templated":true}]}}