{"id":5621,"date":"2016-11-17T09:10:43","date_gmt":"2016-11-17T09:10:43","guid":{"rendered":"http:\/\/casaelquinto.com\/?page_id=5621"},"modified":"2016-12-20T18:33:39","modified_gmt":"2016-12-20T18:33:39","slug":"aviso-legal","status":"publish","type":"page","link":"https:\/\/casaelquinto.com\/en\/aviso-legal\/","title":{"rendered":"Legal notice"},"content":{"rendered":"<p>1. DATOS IDENTIFICATIVOS<br \/>\nEn cumplimiento con el deber de informaci\u00f3n recogido en art\u00edculo 10 de la Ley 34\/2002, de 11 de julio, de Servicios de la Sociedad de la Informaci\u00f3n y del Comercio Electr\u00f3nico, a continuaci\u00f3n se reflejan los siguientes datos: la empresa titular de dominio web es Purificaci\u00f3n Barreto S.L. (en adelante Casa El Quinto), con domicilio a estos efectos en Tirma,9 &#8211; 35558 Tiagua &#8211; Las Palmas &#8211; Espa\u00f1a n\u00famero de C.I.F.: B35672716 . Correo electr\u00f3nico de contacto: info@casaelquinto.com del sitio web.<\/p>\n<p>2. USUARIOS<br \/>\nEl acceso y\/o uso de este portal de Casa El Quinto atribuye la condici\u00f3n de USUARIO, que acepta, desde dicho acceso y\/o uso, las Condiciones Generales de Uso aqu\u00ed reflejadas. Las citadas Condiciones ser\u00e1n de aplicaci\u00f3n independientemente de las Condiciones Generales de Contrataci\u00f3n que en su caso resulten de obligado cumplimiento.<\/p>\n<p>3. USO DEL PORTAL<br \/>\nhttp:\/\/www.casaelquinto.com proporciona el acceso a multitud de informaciones, servicios, programas o datos (en adelante, \u201clos contenidos\u201d) en Internet pertenecientes a Casa El Quinto o a sus licenciantes a los que el USUARIO pueda tener acceso. El USUARIO asume la responsabilidad del uso del portal. Dicha responsabilidad se extiende al registro que fuese necesario para acceder a determinados servicios o contenidos.<br \/>\nEn dicho registro el USUARIO ser\u00e1 responsable de aportar informaci\u00f3n veraz y l\u00edcita. Como consecuencia de este registro, al USUARIO se le puede proporcionar una contrase\u00f1a de la que ser\u00e1 responsable,<br \/>\ncomprometi\u00e9ndose a hacer un uso diligente y confidencial de la misma. El USUARIO se compromete a hacer un uso adecuado de los contenidos y servicios (como por ejemplo servicios de chat, foros de discusi\u00f3n o grupos de noticias) que Nombre de la empresa creadora del sitio web ofrece a trav\u00e9s de su portal y con car\u00e1cter enunciativo pero no limitativo, a no emplearlos para (i) incurrir en actividades il\u00edcitas, ilegales o contrarias a la buena fe y al orden p\u00fablico; (ii) difundir contenidos o propaganda de car\u00e1cter racista, xen\u00f3fobo, pornogr\u00e1fico-ilegal, de apolog\u00eda del terrorismo o atentatorio contra los derechos humanos; (iii) provocar da\u00f1os en los sistemas f\u00edsicos y l\u00f3gicos de Nombre de la empresa creadora del sitio web , de sus proveedores o de terceras personas, introducir o difundir en la red virus inform\u00e1ticos o cualesquiera otros sistemas f\u00edsicos o l\u00f3gicos que sean susceptibles de provocar los da\u00f1os anteriormente mencionados; (iv) intentar acceder y, en su caso, utilizar las cuentas de correo electr\u00f3nico de otros usuarios y modificaro manipular sus mensajes. Nombre de la empresa creadora del sitio web se reserva el derecho de retirar todos aquellos comentarios y aportaciones que vulneren el respeto a la dignidad de la persona, que sean discriminatorios, xen\u00f3fobos, racistas, pornogr\u00e1ficos, que atenten contra la juventud o la infancia, el orden o la seguridad p\u00fablica o que, a su juicio, no resultaran adecuados para su publicaci\u00f3n. En cualquier caso, Casa El Quinto no ser\u00e1 responsable de las opiniones vertidas por los usuarios a trav\u00e9s de los foros, chats, u otras herramientas de participaci\u00f3n.<\/p>\n<p>4. PROTECCI\u00d3N DE DATOS<br \/>\nCasa El Quinto cumple con las directrices de la Ley Org\u00e1nica 15\/1999 de 13 de diciembre de Protecci\u00f3n de Datos de Car\u00e1cter Personal, el Real Decreto 1720\/2007 de 21 de diciembre por el que se aprueba el Reglamento de desarrollo de la Ley Org\u00e1nica y dem\u00e1s normativa vigente en cada momento, y vela por garantizar un correcto uso y tratamiento de los datos personales del usuario. Para ello, junto a cada formulario de recabo de datos de car\u00e1cter personal, en los servicios que el usuario pueda solicitar a info@casaelquinto.com, har\u00e1 saber al usuario de la existencia y aceptaci\u00f3n de las condiciones particulares del tratamiento de sus datos en cada caso, inform\u00e1ndole de la responsabilidad del fichero creado, la direcci\u00f3n del responsable, la posibilidad de ejercer sus derechos de acceso, rectificaci\u00f3n, cancelaci\u00f3n u oposici\u00f3n, la finalidad del tratamiento y las comunicaciones de datos a terceros en su caso.<\/p>\n<p>Asimismo, Casa El Quinto informa que da cumplimiento a la Ley 34\/2002 de 11 de julio, de Servicios de la Sociedad de la Informaci\u00f3n y el Comercio Electr\u00f3nico y le solicitar\u00e1 su consentimiento al tratamiento de su correo electr\u00f3nico con fines comerciales en cada momento.<\/p>\n<p>5. PROPIEDAD INTELECTUAL E INDUSTRIAL<br \/>\nCasa El Quinto por s\u00ed o como cesionaria, es titular de todos los derechos de propiedad intelectual e industrial desu p\u00e1gina web, as\u00ed como de los elementos contenidos en la misma (a t\u00edtulo enunciativo, im\u00e1genes, sonido, audio, v\u00eddeo, software o textos; marcas o logotipos, combinaciones de colores, estructura y dise\u00f1o, selecci\u00f3n de materiales usados, programas de ordenador necesarios para su funcionamiento, acceso y uso, etc.), titularidad de Casa El Quinto o bien de sus licenciantes.<\/p>\n<p>Todos los derechos reservados. En virtud de lo dispuesto en los art\u00edculos 8 y 32.1, p\u00e1rrafo segundo, de la Ley de Propiedad Intelectual, quedan expresamente prohibidas la reproducci\u00f3n, la distribuci\u00f3n y la comunicaci\u00f3n p\u00fablica, incluida su modalidad de puesta a disposici\u00f3n, de la totalidad o parte de los contenidos de esta p\u00e1gina web, con fines comerciales, en cualquier soporte y por cualquier medio t\u00e9cnico, sin la autorizaci\u00f3n de Casa El Quinto. El USUARIO se compromete a respetar los derechos de Propiedad Intelectual e Industrial titularidad de Casa El Quinto. Podr\u00e1 visualizar los elementos del portal e incluso imprimirlos, copiarlos y almacenarlos en el disco duro de su ordenador o en cualquier otro soporte f\u00edsico siempre y cuando sea, \u00fanica y exclusivamente, para su uso personal y privado. El USUARIO deber\u00e1 abstenerse de suprimir, alterar, eludir o manipular cualquier dispositivo de protecci\u00f3n o sistema de seguridad que estuviera instalado en el las p\u00e1ginas de Casa El Quinto.<\/p>\n<p>6. EXCLUSI\u00d3N DE GARANT\u00cdAS Y RESPONSABILIDAD<br \/>\nCasa El Quinto no se hace responsable, en ning\u00fan caso, de los da\u00f1os y perjuicios de cualquier naturaleza que pudieran ocasionar, a t\u00edtulo enunciativo: errores u omisiones en los contenidos, falta de disponibilidad del portal o la transmisi\u00f3n de virus o programas maliciosos o lesivos en los contenidos, a pesar de haber adoptado todas las medidas tecnol\u00f3gicas necesarias para evitarlo.<\/p>\n<p>7. MODIFICACIONES<br \/>\nCasa El Quinto se reserva el derecho de efectuar sin previo aviso las modificaciones que considere oportunas en su portal, pudiendocambiar, suprimir o a\u00f1adir tanto los contenidos y servicios que se presten a trav\u00e9s de la misma como la forma en la que \u00e9stos aparezcan presentados o localizados en su portal.<\/p>\n<p>8. ENLACES<br \/>\nEn el caso de que en http:\/\/www.casaelquinto.com se dispusiesen enlaces o hiperv\u00ednculos hac\u00eda otros sitios de Internet, Casa El Quinto no ejercer\u00e1 ning\u00fan tipo de control sobre dichos sitios y contenidos. En ning\u00fan caso<br \/>\nCasa El Quinto asumir\u00e1 responsabilidad alguna por los contenidos de alg\u00fan enlace perteneciente a un sitio web ajeno, ni garantizar\u00e1 la disponibilidad t\u00e9cnica, calidad, fiabilidad, exactitud, amplitud, veracidad, validez y<br \/>\nconstitucionalidad de cualquier material o informaci\u00f3n contenida en ninguno de dichos hiperv\u00ednculos u otros sitios de Internet.<\/p>\n<p>Igualmente la inclusi\u00f3n de estas conexiones externas no implicar\u00e1 ning\u00fan tipo de asociaci\u00f3n, fusi\u00f3n o participaci\u00f3n con las entidades conectadas.<\/p>\n<p>9. DERECHO DE EXCLUSI\u00d3N<br \/>\nCasa El Quinto se reserva el derecho a denegar o retirar el acceso a portal y\/o los servicios ofrecidos sin necesidad de preaviso, a instancia propia o de un tercero, a aquellos usuarios que incumplan las presentes Condiciones Generales de Uso.<\/p>\n<p>10.GENERALIDADES<br \/>\nCasa El Quinto perseguir\u00e1 el incumplimiento de las presentes condiciones as\u00ed como cualquier utilizaci\u00f3n indebida de su portal ejerciendo todas las acciones civiles y penales que le puedan corresponder en derecho.<\/p>\n<p>11.MODIFICACI\u00d3N DE LAS PRESENTES CONDICIONES Y DURACI\u00d3N<br \/>\nCasa El Quinto podr\u00e1 modificar en cualquier momento las condiciones aqu\u00ed determinadas, siendo debidamente publicadas como aqu\u00ed aparecen.<\/p>\n<p>La vigencia de las citadas condiciones ir\u00e1 en funci\u00f3n de su exposici\u00f3n y estar\u00e1n vigentes hasta debidamente publicadas. que sean modificadas por otras.<\/p>\n<p>12. LEGISLACI\u00d3N APLICABLE Y JURISDICCI\u00d3N<br \/>\nLa relaci\u00f3n entre Casa El Quinto y el USUARIO se regir\u00e1 por la normativa espa\u00f1ola vigente y cualquier controversia se someter\u00e1 a los Juzgados y tribunales de la ciudad de Arrecife de Lanzarote.<\/p>\n","protected":false},"excerpt":{"rendered":"<p>1. DATOS IDENTIFICATIVOS En cumplimiento con el deber de informaci\u00f3n recogido en art\u00edculo 10 de la Ley 34\/2002, de 11 de julio, de Servicios de la Sociedad de la Informaci\u00f3n y del Comercio Electr\u00f3nico, a continuaci\u00f3n se reflejan los siguientes datos: la empresa titular de dominio web es Purificaci\u00f3n Barreto S.L. (en adelante Casa El  [&#8230;]<\/p>\n","protected":false},"author":1,"featured_media":0,"parent":0,"menu_order":0,"comment_status":"closed","ping_status":"closed","template":"","meta":{"footnotes":""},"class_list":["post-5621","page","type-page","status-publish","hentry"],"yoast_head":"<!-- This site is optimized with the Yoast SEO plugin v27.3 - https:\/\/yoast.com\/product\/yoast-seo-wordpress\/ -->\n<title>Aviso Legal - Casa El Quinto<\/title>\n<meta name=\"description\" content=\"Informaci\u00f3n Legal de Casa Rural El Quinto en Lanzarote\" \/>\n<meta name=\"robots\" content=\"noindex, nofollow\" \/>\n<meta property=\"og:locale\" content=\"en_US\" \/>\n<meta property=\"og:type\" content=\"article\" \/>\n<meta property=\"og:title\" content=\"Aviso Legal - Casa El Quinto\" \/>\n<meta property=\"og:description\" content=\"Informaci\u00f3n Legal de Casa Rural El Quinto en Lanzarote\" \/>\n<meta property=\"og:url\" content=\"http:\/\/onelifemanydreams.com\/?p=154\" \/>\n<meta property=\"og:site_name\" content=\"Casa el quinto\" \/>\n<meta property=\"article:modified_time\" content=\"2016-12-20T18:33:39+00:00\" \/>\n<meta name=\"twitter:card\" content=\"summary_large_image\" \/>\n<meta name=\"twitter:label1\" content=\"Est. reading time\" \/>\n\t<meta name=\"twitter:data1\" content=\"7 minutes\" \/>\n<script type=\"application\/ld+json\" class=\"yoast-schema-graph\">{\"@context\":\"https:\\\/\\\/schema.org\",\"@graph\":[{\"@type\":\"WebPage\",\"@id\":\"https:\\\/\\\/casaelquinto.com\\\/aviso-legal\\\/\",\"url\":\"http:\\\/\\\/onelifemanydreams.com\\\/?p=154\",\"name\":\"Aviso Legal - Casa El Quinto\",\"isPartOf\":{\"@id\":\"https:\\\/\\\/casaelquinto.com\\\/#website\"},\"datePublished\":\"2016-11-17T09:10:43+00:00\",\"dateModified\":\"2016-12-20T18:33:39+00:00\",\"description\":\"Informaci\u00f3n Legal de Casa Rural El Quinto en Lanzarote\",\"breadcrumb\":{\"@id\":\"http:\\\/\\\/onelifemanydreams.com\\\/?p=154#breadcrumb\"},\"inLanguage\":\"en-US\",\"potentialAction\":[{\"@type\":\"ReadAction\",\"target\":[\"http:\\\/\\\/onelifemanydreams.com\\\/?p=154\"]}]},{\"@type\":\"BreadcrumbList\",\"@id\":\"http:\\\/\\\/onelifemanydreams.com\\\/?p=154#breadcrumb\",\"itemListElement\":[{\"@type\":\"ListItem\",\"position\":1,\"name\":\"Portada\",\"item\":\"https:\\\/\\\/casaelquinto.com\\\/\"},{\"@type\":\"ListItem\",\"position\":2,\"name\":\"Aviso legal\"}]},{\"@type\":\"WebSite\",\"@id\":\"https:\\\/\\\/casaelquinto.com\\\/#website\",\"url\":\"https:\\\/\\\/casaelquinto.com\\\/\",\"name\":\"Casa el quinto\",\"description\":\"Silencio , armon\u00eda y confort\",\"publisher\":{\"@id\":\"https:\\\/\\\/casaelquinto.com\\\/#organization\"},\"potentialAction\":[{\"@type\":\"SearchAction\",\"target\":{\"@type\":\"EntryPoint\",\"urlTemplate\":\"https:\\\/\\\/casaelquinto.com\\\/?s={search_term_string}\"},\"query-input\":{\"@type\":\"PropertyValueSpecification\",\"valueRequired\":true,\"valueName\":\"search_term_string\"}}],\"inLanguage\":\"en-US\"},{\"@type\":\"Organization\",\"@id\":\"https:\\\/\\\/casaelquinto.com\\\/#organization\",\"name\":\"Finca El Quinto\",\"url\":\"https:\\\/\\\/casaelquinto.com\\\/\",\"logo\":{\"@type\":\"ImageObject\",\"inLanguage\":\"en-US\",\"@id\":\"https:\\\/\\\/casaelquinto.com\\\/#\\\/schema\\\/logo\\\/image\\\/\",\"url\":\"https:\\\/\\\/casaelquinto.s3.eu-west-1.amazonaws.com\\\/wp-content\\\/uploads\\\/2017\\\/10\\\/logoCasaElQuintox2.png\",\"contentUrl\":\"https:\\\/\\\/casaelquinto.s3.eu-west-1.amazonaws.com\\\/wp-content\\\/uploads\\\/2017\\\/10\\\/logoCasaElQuintox2.png\",\"width\":600,\"height\":207,\"caption\":\"Finca El Quinto\"},\"image\":{\"@id\":\"https:\\\/\\\/casaelquinto.com\\\/#\\\/schema\\\/logo\\\/image\\\/\"}}]}<\/script>\n<!-- \/ Yoast SEO plugin. -->","yoast_head_json":{"title":"Aviso Legal - Casa El Quinto","description":"Informaci\u00f3n Legal de Casa Rural El Quinto en Lanzarote","robots":{"index":"noindex","follow":"nofollow"},"og_locale":"en_US","og_type":"article","og_title":"Aviso Legal - Casa El Quinto","og_description":"Informaci\u00f3n Legal de Casa Rural El Quinto en Lanzarote","og_url":"http:\/\/onelifemanydreams.com\/?p=154","og_site_name":"Casa el quinto","article_modified_time":"2016-12-20T18:33:39+00:00","twitter_card":"summary_large_image","twitter_misc":{"Est. reading time":"7 minutes"},"schema":{"@context":"https:\/\/schema.org","@graph":[{"@type":"WebPage","@id":"https:\/\/casaelquinto.com\/aviso-legal\/","url":"http:\/\/onelifemanydreams.com\/?p=154","name":"Aviso Legal - Casa El Quinto","isPartOf":{"@id":"https:\/\/casaelquinto.com\/#website"},"datePublished":"2016-11-17T09:10:43+00:00","dateModified":"2016-12-20T18:33:39+00:00","description":"Informaci\u00f3n Legal de Casa Rural El Quinto en Lanzarote","breadcrumb":{"@id":"http:\/\/onelifemanydreams.com\/?p=154#breadcrumb"},"inLanguage":"en-US","potentialAction":[{"@type":"ReadAction","target":["http:\/\/onelifemanydreams.com\/?p=154"]}]},{"@type":"BreadcrumbList","@id":"http:\/\/onelifemanydreams.com\/?p=154#breadcrumb","itemListElement":[{"@type":"ListItem","position":1,"name":"Portada","item":"https:\/\/casaelquinto.com\/"},{"@type":"ListItem","position":2,"name":"Aviso legal"}]},{"@type":"WebSite","@id":"https:\/\/casaelquinto.com\/#website","url":"https:\/\/casaelquinto.com\/","name":"Casa el quinto","description":"Silencio , armon\u00eda y confort","publisher":{"@id":"https:\/\/casaelquinto.com\/#organization"},"potentialAction":[{"@type":"SearchAction","target":{"@type":"EntryPoint","urlTemplate":"https:\/\/casaelquinto.com\/?s={search_term_string}"},"query-input":{"@type":"PropertyValueSpecification","valueRequired":true,"valueName":"search_term_string"}}],"inLanguage":"en-US"},{"@type":"Organization","@id":"https:\/\/casaelquinto.com\/#organization","name":"Finca El Quinto","url":"https:\/\/casaelquinto.com\/","logo":{"@type":"ImageObject","inLanguage":"en-US","@id":"https:\/\/casaelquinto.com\/#\/schema\/logo\/image\/","url":"https:\/\/casaelquinto.s3.eu-west-1.amazonaws.com\/wp-content\/uploads\/2017\/10\/logoCasaElQuintox2.png","contentUrl":"https:\/\/casaelquinto.s3.eu-west-1.amazonaws.com\/wp-content\/uploads\/2017\/10\/logoCasaElQuintox2.png","width":600,"height":207,"caption":"Finca El Quinto"},"image":{"@id":"https:\/\/casaelquinto.com\/#\/schema\/logo\/image\/"}}]}},"_links":{"self":[{"href":"https:\/\/casaelquinto.com\/en\/wp-json\/wp\/v2\/pages\/5621","targetHints":{"allow":["GET"]}}],"collection":[{"href":"https:\/\/casaelquinto.com\/en\/wp-json\/wp\/v2\/pages"}],"about":[{"href":"https:\/\/casaelquinto.com\/en\/wp-json\/wp\/v2\/types\/page"}],"author":[{"embeddable":true,"href":"https:\/\/casaelquinto.com\/en\/wp-json\/wp\/v2\/users\/1"}],"replies":[{"embeddable":true,"href":"https:\/\/casaelquinto.com\/en\/wp-json\/wp\/v2\/comments?post=5621"}],"version-history":[{"count":3,"href":"https:\/\/casaelquinto.com\/en\/wp-json\/wp\/v2\/pages\/5621\/revisions"}],"predecessor-version":[{"id":5624,"href":"https:\/\/casaelquinto.com\/en\/wp-json\/wp\/v2\/pages\/5621\/revisions\/5624"}],"wp:attachment":[{"href":"https:\/\/casaelquinto.com\/en\/wp-json\/wp\/v2\/media?parent=5621"}],"curies":[{"name":"wp","href":"https:\/\/api.w.org\/{rel}","templated":true}]}}