{"id":5672,"date":"2017-01-05T13:52:19","date_gmt":"2017-01-05T13:52:19","guid":{"rendered":"http:\/\/casaelquinto.com\/?page_id=5672"},"modified":"2017-02-09T13:05:07","modified_gmt":"2017-02-09T13:05:07","slug":"vacaciones-en-lanzarote-con-tu-mascota","status":"publish","type":"page","link":"https:\/\/casaelquinto.com\/de\/vacaciones-en-lanzarote-con-tu-mascota\/","title":{"rendered":"Lanzarote Urlaub mit Ihrem Haustier"},"content":{"rendered":"<p>Tiere sind f\u00fcr ihre Familien, in denen sie leben, wie Familienmitglieder. Sie sind liebevoll, treu und die besten Begleiter im Leben einer Familie. Diejenigen von uns, die mit Hunden oder Katzen leben, wissen, dass Reisen mit Haustieren, manchmal ein Kopfschmerzthema sein kann. Es ist nicht immer einfach, eine Urlaubsunterkunft mit und f\u00fcr Haustiere zu finden.<\/p>\n<p>Es gibt immer noch viele Orte, welche die Unterbringung von Tieren nicht zulassen. Daher ist das \u201eCasa Rural El Quinto\u201c in Lanzarote tierfreundlich. Wir machen es m\u00f6glich, dass Sie alles, was Sie f\u00fcr einen sch\u00f6nen Urlaub in Lanzarote mit Ihrer Familie oder Freunden ben\u00f6tigen, bei uns finden. Hier k\u00f6nnen sie Ihren Urlaub genie\u00dfen, ohne Hund, Katze oder ein anderes Haustier daheim zu lassen. Unvergesslicher Urlaub auf Lanzarote mit ihrem Haustier!<\/p>\n<h4>Vorbereitung der Reise<\/h4>\n<p>Es besteht keine Notwendigkeit Alternativen zu suchen, wie zum Beispiel Ihr Haustier bei Bekannten oder Familie zu lassen oder ein Hotel f\u00fcr Tiere zu buchen. Verschiedene Airlines, wie Iberia oder Air Europa erlauben das Mitf\u00fchren von Haustieren (Hunde, Katzen, &#8230;), wenn auch mit einigen Einschr\u00e4nkungen. Die Tiere m\u00fcssen alle n\u00f6tigen Impfungen haben und d\u00fcrfen nicht mehr als 8 kg Gewicht haben, damit sie in der Kabine reisen d\u00fcrfen. Wie auch immer, wir empfehlen Ihnen, sich bei Ihrer Fluggesellschaft \u00fcber alle Details zu informieren, bevor sie eine Buchung vornehmen.<\/p>\n<h4>Tierfreundlicher Urlaub<\/h4>\n<p>Im Casa Rural El Quinto bieten wir Ihnen einen sch\u00f6nen Urlaub, gern wochenweise, um die Insel ganz nach ihrem Geschmack zu erkunden. Alles organisiert, damit sie mit v\u00f6lliger Beruhigung und Freiheit die sch\u00f6nsten Tage des Jahres genie\u00dfen k\u00f6nnen. Das Wichtigste hier ist Ihre Ruhe und Komfort. Das Hotel liegt im Zentrum der Insel, das Haus enth\u00e4lt alles, was f\u00fcr einen komfortablen Aufenthalt notwendig ist. Unsere Einrichtungen sind komplett mit einer Dekoration ausgestattet, in denen geschmackvolle Harmonie, W\u00e4rme und einfacher Luxus vorherrschen. Das Haus ist f\u00fcr bis zu 4 Personen geeignet und der Innenraum verf\u00fcgt \u00fcber zwei Schlafzimmer, ein gemeinsames Bad, eine voll ausgestattete K\u00fcche, Essbereich, Fernseher, Wohnzimmer und Waschmaschine. Im Au\u00dfenbereich des Hauses befindet sich ein beheizter Pool, ausgestattet mit Gartenm\u00f6beln, von wo aus Sie die vulkanische und sehr inselcharakteristische Landschaft sowie den Grillbereich sehen k\u00f6nnen. Genie\u00dfen sie ein sch\u00f6nes Abendessen und angenehme Stunden auf einer unvergleichlichen Terrasse unter dem einzigartigen Sternenhimmel Lanzarotes. Es gibt ebenfalls einen Parkplatz, auf welchem Sie bequem ihr Auto abstellen k\u00f6nnen.<\/p>\n<p>Dar\u00fcber hinaus wird das Haus von einem l\u00e4ndlichen Anwesen von 40.000 Quadratmetern umgeben, sodass Sie viel Ruhe und Privatsph\u00e4re genie\u00dfen k\u00f6nnen. In anderen Unterk\u00fcnften w\u00e4re dies undenkbar, sowohl f\u00fcr Sie als auch f\u00fcr Ihre Tiere. Zu ber\u00fccksichtigen ist besonders der Vorteil, dass ihre Tiere sowohl den Au\u00dfen- als auch den Innenbereich uneingeschr\u00e4nkt nutzen k\u00f6nnen. Einfach in der Sonne liegen, d\u00f6sen oder auf einem speziell f\u00fcr die Tiere vorgesehenen Teppich erholen. Eine Reise sowie die Eingew\u00f6hnung an eine neue Umgebung kann f\u00fcr Tiere sehr stressig sein, aber im Casa Rural El Quinto werden sie sich schnell und problemlos wie zu Hause f\u00fchlen.<\/p>\n<h4>Die Aktivit\u00e4ten in der Umgebung<\/h4>\n<p>El Quinto befindet sich im Dorf \u201eLa Vegueta\u201c, in der Gemeinde Tinajo, im Zentrum der Insel. Es ist nur wenige Kilometer von den wichtigsten Touristenattraktionen der Insel entfernt, wie zum Beispiel dem Timanfaya Nationalpark, ein Besuchs-Muss w\u00e4hend ihres Lanzarote Aufenthalts.<\/p>\n<p>In der N\u00e4he des Hauses gibt es verschiedene interessante Wanderrouten, Vulkane und sch\u00f6ne Str\u00e4nde. Auch Wassersportaktivit\u00e4ten wie Surfen, Tauchen oder Kitesurf werden an vielen Orten angeboten. Die Kanarischen Inseln, ein Archipel mit einem stabilen Klima das ganze Jahr \u00fcber, sind immer ein Besuch wert.<\/p>\n<p>Wenn Sie sich nach mehr Aktivit\u00e4ten auf dem Lande sehnen, dann gibt es ein gro\u00dfes Angebot f\u00fcr Wanderungen, Trekking oder auch zu Pferd. Genie\u00dfen sie die Kontraste zwischen der schwarzen Lava Lanzarotes und seinen gr\u00fcnen Oasen und Obstg\u00e4rten.<\/p>\n<p>Ein kleines Detail, wenn Sie sich f\u00fcr die Geschichte ihrer Unterkunft interessieren. Die Finca El Quinto, wo sich das Haus befindet, war ein altes Bauernhaus mit f\u00fcnf Bereichen (70.000 Meter), die von Francisco Martin Armas und Dolores Feo Cabrera im Jahr 1939 gekauft worden. Das Haus war ein Steinhaus aus dem neunzehnten Jahrhundert, welches im Jahr 2000 renoviert wurde und wo sich jetzt das aktuelle G\u00e4stehaus befindet. Eine nat\u00fcrliche R\u00fcckzugsoase, ideal f\u00fcr einen Urlaub auf Lanzarote, mit Ihren Lieben, ohne dass Ihr Haustier zu Hause bleiben muss. Alle Mitglieder Ihrer Familie sind bei uns herzlich willkommen.<\/p>\n<p><\/p>","protected":false},"excerpt":{"rendered":"<p>Tiere sind f\u00fcr ihre Familien, in denen sie leben, wie Familienmitglieder. Sie sind liebevoll, treu und die besten Begleiter im Leben einer Familie. Diejenigen von uns, die mit Hunden oder Katzen leben, wissen, dass Reisen mit Haustieren, manchmal ein Kopfschmerzthema sein kann. Es ist nicht immer einfach, eine Urlaubsunterkunft mit und f\u00fcr Haustiere zu finden.  [&#8230;]<\/p>\n","protected":false},"author":3,"featured_media":5674,"parent":0,"menu_order":0,"comment_status":"closed","ping_status":"closed","template":"","meta":{"footnotes":""},"class_list":["post-5672","page","type-page","status-publish","has-post-thumbnail","hentry"],"yoast_head":"<!-- This site is optimized with the Yoast SEO plugin v27.4 - https:\/\/yoast.com\/product\/yoast-seo-wordpress\/ -->\n<title>Vacaciones en Lanzarote con tu mascota - Casa Rural El Quinto<\/title>\n<meta name=\"description\" content=\"Disfruta de unas vacaciones en Lanzarote con tu mascota en Casa Rural El Quinto Lanzarote. Alquiler Vacacional en entorno natural con Mascotas bienvenidas..\" \/>\n<meta name=\"robots\" content=\"index, follow, max-snippet:-1, max-image-preview:large, max-video-preview:-1\" \/>\n<link rel=\"canonical\" href=\"https:\/\/casaelquinto.com\/vacaciones-en-lanzarote-con-tu-mascota\/\" \/>\n<meta property=\"og:locale\" content=\"de_DE\" \/>\n<meta property=\"og:type\" content=\"article\" \/>\n<meta property=\"og:title\" content=\"Vacaciones en Lanzarote con tu mascota - Casa Rural El Quinto\" \/>\n<meta property=\"og:description\" content=\"Disfruta de unas vacaciones en Lanzarote con tu mascota en Casa Rural El Quinto Lanzarote. Alquiler Vacacional en entorno natural con Mascotas bienvenidas..\" \/>\n<meta property=\"og:url\" content=\"https:\/\/casaelquinto.com\/vacaciones-en-lanzarote-con-tu-mascota\/\" \/>\n<meta property=\"og:site_name\" content=\"Casa el quinto\" \/>\n<meta property=\"article:modified_time\" content=\"2017-02-09T13:05:07+00:00\" \/>\n<meta property=\"og:image\" content=\"https:\/\/casaelquinto.s3.eu-west-1.amazonaws.com\/wp-content\/uploads\/2017\/01\/lanzarote-mascotas-casa-rural.jpg\" \/>\n\t<meta property=\"og:image:width\" content=\"1600\" \/>\n\t<meta property=\"og:image:height\" content=\"1066\" \/>\n\t<meta property=\"og:image:type\" content=\"image\/jpeg\" \/>\n<meta name=\"twitter:card\" content=\"summary_large_image\" \/>\n<meta name=\"twitter:label1\" content=\"Gesch\u00e4tzte Lesezeit\" \/>\n\t<meta name=\"twitter:data1\" content=\"12\u00a0Minuten\" \/>\n<script type=\"application\/ld+json\" class=\"yoast-schema-graph\">{\"@context\":\"https:\\\/\\\/schema.org\",\"@graph\":[{\"@type\":\"WebPage\",\"@id\":\"https:\\\/\\\/casaelquinto.com\\\/vacaciones-en-lanzarote-con-tu-mascota\\\/\",\"url\":\"https:\\\/\\\/casaelquinto.com\\\/vacaciones-en-lanzarote-con-tu-mascota\\\/\",\"name\":\"Vacaciones en Lanzarote con tu mascota - Casa Rural El Quinto\",\"isPartOf\":{\"@id\":\"https:\\\/\\\/casaelquinto.com\\\/#website\"},\"primaryImageOfPage\":{\"@id\":\"https:\\\/\\\/casaelquinto.com\\\/vacaciones-en-lanzarote-con-tu-mascota\\\/#primaryimage\"},\"image\":{\"@id\":\"https:\\\/\\\/casaelquinto.com\\\/vacaciones-en-lanzarote-con-tu-mascota\\\/#primaryimage\"},\"thumbnailUrl\":\"https:\\\/\\\/casaelquinto.com\\\/wp-content\\\/uploads\\\/2017\\\/01\\\/lanzarote-mascotas-casa-rural.jpg\",\"datePublished\":\"2017-01-05T13:52:19+00:00\",\"dateModified\":\"2017-02-09T13:05:07+00:00\",\"description\":\"Disfruta de unas vacaciones en Lanzarote con tu mascota en Casa Rural El Quinto Lanzarote. Alquiler Vacacional en entorno natural con Mascotas bienvenidas..\",\"breadcrumb\":{\"@id\":\"https:\\\/\\\/casaelquinto.com\\\/vacaciones-en-lanzarote-con-tu-mascota\\\/#breadcrumb\"},\"inLanguage\":\"de\",\"potentialAction\":[{\"@type\":\"ReadAction\",\"target\":[\"https:\\\/\\\/casaelquinto.com\\\/vacaciones-en-lanzarote-con-tu-mascota\\\/\"]}]},{\"@type\":\"ImageObject\",\"inLanguage\":\"de\",\"@id\":\"https:\\\/\\\/casaelquinto.com\\\/vacaciones-en-lanzarote-con-tu-mascota\\\/#primaryimage\",\"url\":\"https:\\\/\\\/casaelquinto.com\\\/wp-content\\\/uploads\\\/2017\\\/01\\\/lanzarote-mascotas-casa-rural.jpg\",\"contentUrl\":\"https:\\\/\\\/casaelquinto.com\\\/wp-content\\\/uploads\\\/2017\\\/01\\\/lanzarote-mascotas-casa-rural.jpg\",\"width\":1600,\"height\":1066,\"caption\":\"Imagen de Torrey Wiley\"},{\"@type\":\"BreadcrumbList\",\"@id\":\"https:\\\/\\\/casaelquinto.com\\\/vacaciones-en-lanzarote-con-tu-mascota\\\/#breadcrumb\",\"itemListElement\":[{\"@type\":\"ListItem\",\"position\":1,\"name\":\"Portada\",\"item\":\"https:\\\/\\\/casaelquinto.com\\\/\"},{\"@type\":\"ListItem\",\"position\":2,\"name\":\"Vacaciones en Lanzarote con tu mascota\"}]},{\"@type\":\"WebSite\",\"@id\":\"https:\\\/\\\/casaelquinto.com\\\/#website\",\"url\":\"https:\\\/\\\/casaelquinto.com\\\/\",\"name\":\"Casa el quinto\",\"description\":\"Silencio , armon\u00eda y confort\",\"publisher\":{\"@id\":\"https:\\\/\\\/casaelquinto.com\\\/#organization\"},\"potentialAction\":[{\"@type\":\"SearchAction\",\"target\":{\"@type\":\"EntryPoint\",\"urlTemplate\":\"https:\\\/\\\/casaelquinto.com\\\/?s={search_term_string}\"},\"query-input\":{\"@type\":\"PropertyValueSpecification\",\"valueRequired\":true,\"valueName\":\"search_term_string\"}}],\"inLanguage\":\"de\"},{\"@type\":\"Organization\",\"@id\":\"https:\\\/\\\/casaelquinto.com\\\/#organization\",\"name\":\"Finca El Quinto\",\"url\":\"https:\\\/\\\/casaelquinto.com\\\/\",\"logo\":{\"@type\":\"ImageObject\",\"inLanguage\":\"de\",\"@id\":\"https:\\\/\\\/casaelquinto.com\\\/#\\\/schema\\\/logo\\\/image\\\/\",\"url\":\"https:\\\/\\\/casaelquinto.s3.eu-west-1.amazonaws.com\\\/wp-content\\\/uploads\\\/2017\\\/10\\\/logoCasaElQuintox2.png\",\"contentUrl\":\"https:\\\/\\\/casaelquinto.s3.eu-west-1.amazonaws.com\\\/wp-content\\\/uploads\\\/2017\\\/10\\\/logoCasaElQuintox2.png\",\"width\":600,\"height\":207,\"caption\":\"Finca El Quinto\"},\"image\":{\"@id\":\"https:\\\/\\\/casaelquinto.com\\\/#\\\/schema\\\/logo\\\/image\\\/\"}}]}<\/script>\n<!-- \/ Yoast SEO plugin. -->","yoast_head_json":{"title":"Vacaciones en Lanzarote con tu mascota - Casa Rural El Quinto","description":"Disfruta de unas vacaciones en Lanzarote con tu mascota en Casa Rural El Quinto Lanzarote. Alquiler Vacacional en entorno natural con Mascotas bienvenidas..","robots":{"index":"index","follow":"follow","max-snippet":"max-snippet:-1","max-image-preview":"max-image-preview:large","max-video-preview":"max-video-preview:-1"},"canonical":"https:\/\/casaelquinto.com\/vacaciones-en-lanzarote-con-tu-mascota\/","og_locale":"de_DE","og_type":"article","og_title":"Vacaciones en Lanzarote con tu mascota - Casa Rural El Quinto","og_description":"Disfruta de unas vacaciones en Lanzarote con tu mascota en Casa Rural El Quinto Lanzarote. Alquiler Vacacional en entorno natural con Mascotas bienvenidas..","og_url":"https:\/\/casaelquinto.com\/vacaciones-en-lanzarote-con-tu-mascota\/","og_site_name":"Casa el quinto","article_modified_time":"2017-02-09T13:05:07+00:00","og_image":[{"width":1600,"height":1066,"url":"https:\/\/casaelquinto.s3.eu-west-1.amazonaws.com\/wp-content\/uploads\/2017\/01\/lanzarote-mascotas-casa-rural.jpg","type":"image\/jpeg"}],"twitter_card":"summary_large_image","twitter_misc":{"Gesch\u00e4tzte Lesezeit":"12\u00a0Minuten"},"schema":{"@context":"https:\/\/schema.org","@graph":[{"@type":"WebPage","@id":"https:\/\/casaelquinto.com\/vacaciones-en-lanzarote-con-tu-mascota\/","url":"https:\/\/casaelquinto.com\/vacaciones-en-lanzarote-con-tu-mascota\/","name":"Vacaciones en Lanzarote con tu mascota - Casa Rural El Quinto","isPartOf":{"@id":"https:\/\/casaelquinto.com\/#website"},"primaryImageOfPage":{"@id":"https:\/\/casaelquinto.com\/vacaciones-en-lanzarote-con-tu-mascota\/#primaryimage"},"image":{"@id":"https:\/\/casaelquinto.com\/vacaciones-en-lanzarote-con-tu-mascota\/#primaryimage"},"thumbnailUrl":"https:\/\/casaelquinto.com\/wp-content\/uploads\/2017\/01\/lanzarote-mascotas-casa-rural.jpg","datePublished":"2017-01-05T13:52:19+00:00","dateModified":"2017-02-09T13:05:07+00:00","description":"Disfruta de unas vacaciones en Lanzarote con tu mascota en Casa Rural El Quinto Lanzarote. Alquiler Vacacional en entorno natural con Mascotas bienvenidas..","breadcrumb":{"@id":"https:\/\/casaelquinto.com\/vacaciones-en-lanzarote-con-tu-mascota\/#breadcrumb"},"inLanguage":"de","potentialAction":[{"@type":"ReadAction","target":["https:\/\/casaelquinto.com\/vacaciones-en-lanzarote-con-tu-mascota\/"]}]},{"@type":"ImageObject","inLanguage":"de","@id":"https:\/\/casaelquinto.com\/vacaciones-en-lanzarote-con-tu-mascota\/#primaryimage","url":"https:\/\/casaelquinto.com\/wp-content\/uploads\/2017\/01\/lanzarote-mascotas-casa-rural.jpg","contentUrl":"https:\/\/casaelquinto.com\/wp-content\/uploads\/2017\/01\/lanzarote-mascotas-casa-rural.jpg","width":1600,"height":1066,"caption":"Imagen de Torrey Wiley"},{"@type":"BreadcrumbList","@id":"https:\/\/casaelquinto.com\/vacaciones-en-lanzarote-con-tu-mascota\/#breadcrumb","itemListElement":[{"@type":"ListItem","position":1,"name":"Portada","item":"https:\/\/casaelquinto.com\/"},{"@type":"ListItem","position":2,"name":"Vacaciones en Lanzarote con tu mascota"}]},{"@type":"WebSite","@id":"https:\/\/casaelquinto.com\/#website","url":"https:\/\/casaelquinto.com\/","name":"Casa el quinto","description":"Silencio , armon\u00eda y confort","publisher":{"@id":"https:\/\/casaelquinto.com\/#organization"},"potentialAction":[{"@type":"SearchAction","target":{"@type":"EntryPoint","urlTemplate":"https:\/\/casaelquinto.com\/?s={search_term_string}"},"query-input":{"@type":"PropertyValueSpecification","valueRequired":true,"valueName":"search_term_string"}}],"inLanguage":"de"},{"@type":"Organization","@id":"https:\/\/casaelquinto.com\/#organization","name":"Finca El Quinto","url":"https:\/\/casaelquinto.com\/","logo":{"@type":"ImageObject","inLanguage":"de","@id":"https:\/\/casaelquinto.com\/#\/schema\/logo\/image\/","url":"https:\/\/casaelquinto.s3.eu-west-1.amazonaws.com\/wp-content\/uploads\/2017\/10\/logoCasaElQuintox2.png","contentUrl":"https:\/\/casaelquinto.s3.eu-west-1.amazonaws.com\/wp-content\/uploads\/2017\/10\/logoCasaElQuintox2.png","width":600,"height":207,"caption":"Finca El Quinto"},"image":{"@id":"https:\/\/casaelquinto.com\/#\/schema\/logo\/image\/"}}]}},"_links":{"self":[{"href":"https:\/\/casaelquinto.com\/de\/wp-json\/wp\/v2\/pages\/5672","targetHints":{"allow":["GET"]}}],"collection":[{"href":"https:\/\/casaelquinto.com\/de\/wp-json\/wp\/v2\/pages"}],"about":[{"href":"https:\/\/casaelquinto.com\/de\/wp-json\/wp\/v2\/types\/page"}],"author":[{"embeddable":true,"href":"https:\/\/casaelquinto.com\/de\/wp-json\/wp\/v2\/users\/3"}],"replies":[{"embeddable":true,"href":"https:\/\/casaelquinto.com\/de\/wp-json\/wp\/v2\/comments?post=5672"}],"version-history":[{"count":13,"href":"https:\/\/casaelquinto.com\/de\/wp-json\/wp\/v2\/pages\/5672\/revisions"}],"predecessor-version":[{"id":5703,"href":"https:\/\/casaelquinto.com\/de\/wp-json\/wp\/v2\/pages\/5672\/revisions\/5703"}],"wp:featuredmedia":[{"embeddable":true,"href":"https:\/\/casaelquinto.com\/de\/wp-json\/wp\/v2\/media\/5674"}],"wp:attachment":[{"href":"https:\/\/casaelquinto.com\/de\/wp-json\/wp\/v2\/media?parent=5672"}],"curies":[{"name":"wp","href":"https:\/\/api.w.org\/{rel}","templated":true}]}}