{"id":5075,"date":"2013-06-30T22:01:36","date_gmt":"2013-06-30T22:01:36","guid":{"rendered":"http:\/\/nueva.casaelquinto.com\/?page_id=5075"},"modified":"2023-09-24T09:32:16","modified_gmt":"2023-09-24T09:32:16","slug":"contactar","status":"publish","type":"page","link":"https:\/\/casaelquinto.com\/de\/contactar\/","title":{"rendered":"Kontakt"},"content":{"rendered":"<p><div class=\"fusion-fullwidth fullwidth-box fusion-builder-row-3 nonhundred-percent-fullwidth non-hundred-percent-height-scrolling\" style=\"--awb-border-radius-top-left:0px;--awb-border-radius-top-right:0px;--awb-border-radius-bottom-right:0px;--awb-border-radius-bottom-left:0px;--awb-flex-wrap:wrap;\" ><div class=\"fusion-builder-row fusion-row\"><div class=\"fusion-layout-column fusion_builder_column fusion-builder-column-4 fusion_builder_column_2_3 2_3 fusion-two-third fusion-column-first\" style=\"--awb-bg-size:cover;--awb-margin-bottom:0px;width:65.3333%; margin-right: 4%;\"><div class=\"fusion-column-wrapper fusion-flex-column-wrapper-legacy\"><div class=\"fusion-text fusion-text-7\"><h2>Ort<\/h2>\n<p>Lage Die Unterkunft Casa El Quinto liegt in La Vegueta &#8211; Tinajo. Dieses Dorf genie\u00dft eine au\u00dfergew\u00f6hnliche Klima und Situation so in der Vergangenheit war der Ort der Bourgeoisie der Insel.<\/p>\n<ul>\n<li>Flughafen: <strong>16km.<\/strong><\/li>\n<li>Arrecife (Capital):<strong> 15km.<\/strong><\/li>\n<li>Tinajo: <strong>3 Km (Supermarket, Banks, Service Station, Pharmacy)<\/strong><\/li>\n<li>Timanfaya Nationalpark: <strong>10km.<\/strong><\/li>\n<li>Famara Beach: <strong>10Km.<\/strong><\/li>\n<li>Las Cadenas Restaurant:<strong> 1km.<\/strong><\/li>\n<\/ul>\n<p><iframe src=\"https:\/\/www.google.com\/maps\/ms?msa=0&amp;msid=206103111898740042331.0004856172db3d6a0bc29&amp;ie=UTF8&amp;t=m&amp;ll=29.029756,-13.63678&amp;spn=0.576364,0.878906&amp;z=10&amp;output=embed\" width=\"640\" height=\"480\" frameborder=\"0\" marginwidth=\"0\" marginheight=\"0\" scrolling=\"no\"><\/iframe><br \/>\n<small>Aussicht <a style=\"color: #0000ff; text-align: left;\" href=\"https:\/\/www.google.com\/maps\/ms?msa=0&amp;msid=206103111898740042331.0004856172db3d6a0bc29&amp;ie=UTF8&amp;t=m&amp;ll=29.029756,-13.63678&amp;spn=0.576364,0.878906&amp;z=10&amp;source=embed\">Casa El Quinto<\/a> Auf einer gr\u00f6\u00dferen Karte<\/small><\/p>\n<\/div><div class=\"fusion-clearfix\"><\/div><\/div><\/div><div class=\"fusion-layout-column fusion_builder_column fusion-builder-column-5 fusion_builder_column_1_3 1_3 fusion-one-third fusion-column-last\" style=\"--awb-bg-size:cover;width:30.6666%;\"><div class=\"fusion-column-wrapper fusion-flex-column-wrapper-legacy\"><div class=\"fusion-text fusion-text-8\"><p>&nbsp;<\/p>\n<p><i class=\"fa fa-envelope\"><\/i>&nbsp; <a href=\"mailto:info@casaelquinto.com\">info@casaelquinto.com<\/a><br \/> <i class=\"fa fa-desktop\"><\/i>&nbsp;&nbsp;<a href=\"\/\">http:\/\/www.casaelquinto.com<\/a><br \/> <i class=\"fa fa-phone\"><\/i>&nbsp; <a href=\"tel:34928529232\">( +34 ) 928 529 232<\/a><br \/> <i class=\"fa fa-phone\"><\/i>&nbsp; <a href=\"tel:34620177875\">( +34 ) 620 177 875<\/a><br \/> <i class=\"fa fa-location-arrow\"><\/i>&nbsp; La Vegueta (Tinajo), Lanzarote, Las Palmas<\/p>\n<\/div><div class=\"fusion-text fusion-text-9\"><h2>Contact Form<\/h2>\n\n<div class=\"wpcf7 no-js\" id=\"wpcf7-f5540-o3\" lang=\"de-DE\" dir=\"ltr\" data-wpcf7-id=\"5540\">\n<div class=\"screen-reader-response\"><p role=\"status\" aria-live=\"polite\" aria-atomic=\"true\"><\/p> <ul><\/ul><\/div>\n<form action=\"\/de\/wp-json\/wp\/v2\/pages\/5075#wpcf7-f5540-o3\" method=\"post\" class=\"wpcf7-form init\" aria-label=\"Kontaktformular\" novalidate=\"novalidate\" data-status=\"init\">\n<fieldset class=\"hidden-fields-container\"><input type=\"hidden\" name=\"_wpcf7\" value=\"5540\" \/><input type=\"hidden\" name=\"_wpcf7_version\" value=\"6.1.3\" \/><input type=\"hidden\" name=\"_wpcf7_locale\" value=\"de_DE\" \/><input type=\"hidden\" name=\"_wpcf7_unit_tag\" value=\"wpcf7-f5540-o3\" \/><input type=\"hidden\" name=\"_wpcf7_container_post\" value=\"0\" \/><input type=\"hidden\" name=\"_wpcf7_posted_data_hash\" value=\"\" \/><input type=\"hidden\" name=\"_wpcf7dtx_version\" value=\"5.0.3\" \/><input type=\"hidden\" name=\"_wpcf7_recaptcha_response\" value=\"\" \/>\n<\/fieldset>\n<p><label> Ihr Name (Pflichtfeld)<br \/>\n<span class=\"wpcf7-form-control-wrap\" data-name=\"your-name\"><input size=\"40\" maxlength=\"400\" class=\"wpcf7-form-control wpcf7-text wpcf7-validates-as-required\" aria-required=\"true\" aria-invalid=\"false\" value=\"\" type=\"text\" name=\"your-name\" \/><\/span> <\/label>\n<\/p>\n<p><label> Ihre E-Mail-Adresse (Pflichtfeld)<br \/>\n<span class=\"wpcf7-form-control-wrap\" data-name=\"your-email\"><input size=\"40\" maxlength=\"400\" class=\"wpcf7-form-control wpcf7-email wpcf7-validates-as-required wpcf7-text wpcf7-validates-as-email\" aria-required=\"true\" aria-invalid=\"false\" value=\"\" type=\"email\" name=\"your-email\" \/><\/span> <\/label>\n<\/p>\n<p><label> Betreff<br \/>\n<span class=\"wpcf7-form-control-wrap\" data-name=\"your-subject\"><input size=\"40\" maxlength=\"400\" class=\"wpcf7-form-control wpcf7-text\" aria-invalid=\"false\" value=\"\" type=\"text\" name=\"your-subject\" \/><\/span> <\/label>\n<\/p>\n<p><label> Ihre Nachricht<br \/>\n<span class=\"wpcf7-form-control-wrap\" data-name=\"your-message\"><textarea cols=\"40\" rows=\"10\" maxlength=\"2000\" class=\"wpcf7-form-control wpcf7-textarea\" aria-invalid=\"false\" name=\"your-message\"><\/textarea><\/span> <\/label>\n<\/p>\n\n<p><input class=\"wpcf7-form-control wpcf7-submit has-spinner\" type=\"submit\" value=\"Senden\" \/>\n<\/p><div class=\"fusion-alert alert custom alert-custom fusion-alert-center wpcf7-response-output awb-alert-native-link-color alert-dismissable awb-alert-close-boxed\" style=\"--awb-border-top-left-radius:0px;--awb-border-top-right-radius:0px;--awb-border-bottom-left-radius:0px;--awb-border-bottom-right-radius:0px;\" role=\"alert\"><div class=\"fusion-alert-content-wrapper\"><span class=\"fusion-alert-content\"><\/span><\/div><button type=\"button\" class=\"close toggle-alert\" data-dismiss=\"alert\" aria-label=\"Close\">&times;<\/button><\/div>\n<\/form>\n<\/div>\n\n<\/div><div class=\"fusion-clearfix\"><\/div><\/div><\/div><\/div><\/div><\/p>","protected":false},"excerpt":{"rendered":"","protected":false},"author":1,"featured_media":0,"parent":0,"menu_order":0,"comment_status":"open","ping_status":"open","template":"","meta":{"footnotes":""},"class_list":["post-5075","page","type-page","status-publish","hentry"],"yoast_head":"<!-- This site is optimized with the Yoast SEO plugin v27.3 - https:\/\/yoast.com\/product\/yoast-seo-wordpress\/ -->\n<title>Kontakt Casa El Quinto - Landhaus Casa El Quinto Lanzarote<\/title>\n<meta name=\"description\" content=\"{:es}Casa El Quinto se encuentra en La Vegueta \u2013 Tinajo. Este pueblo goza de un extraordinario clima y situaci\u00f3n para disfrutar de sus vacaciones en Lanzarote{:en}Casa El Quinto is located in La Vegueta - Tinajo. This village enjoys an extraordinary climate and situation to enjoy your holidays in Lanzarote{:de}Casa El Quinto befindet sich in La Vegueta gelegen - Tinajo. Das Dorf befindet sich in einer au\u00dfergew\u00f6hnlichen Klima und Lage, um Ihren Urlaub in Lanzarote{:}\" \/>\n<meta name=\"robots\" content=\"index, follow, max-snippet:-1, max-image-preview:large, max-video-preview:-1\" \/>\n<link rel=\"canonical\" href=\"https:\/\/casaelquinto.com\/contactar\/\" \/>\n<meta property=\"og:locale\" content=\"de_DE\" \/>\n<meta property=\"og:type\" content=\"article\" \/>\n<meta property=\"og:title\" content=\"[:es]Contactar - Casa El Quinto[:en]Contact us Casa El Quinto - Rural House Casa El Quinto Lanzarote[:de]Kontakt Casa El Quinto - Landhaus Casa El Quinto Lanzarote[:]\" \/>\n<meta property=\"og:description\" content=\"{:es}Casa El Quinto se encuentra en La Vegueta \u2013 Tinajo. Este pueblo goza de un extraordinario clima y situaci\u00f3n para disfrutar de sus vacaciones en Lanzarote{:en}Casa El Quinto is located in La Vegueta - Tinajo. This village enjoys an extraordinary climate and situation to enjoy your holidays in Lanzarote{:de}Casa El Quinto befindet sich in La Vegueta gelegen - Tinajo. Das Dorf befindet sich in einer au\u00dfergew\u00f6hnlichen Klima und Lage, um Ihren Urlaub in Lanzarote{:}\" \/>\n<meta property=\"og:url\" content=\"https:\/\/casaelquinto.com\/contactar\/\" \/>\n<meta property=\"og:site_name\" content=\"Casa el quinto\" \/>\n<meta property=\"article:modified_time\" content=\"2023-09-24T09:32:16+00:00\" \/>\n<meta name=\"twitter:card\" content=\"summary_large_image\" \/>\n<meta name=\"twitter:label1\" content=\"Gesch\u00e4tzte Lesezeit\" \/>\n\t<meta name=\"twitter:data1\" content=\"1\u00a0Minute\" \/>\n<script type=\"application\/ld+json\" class=\"yoast-schema-graph\">{\"@context\":\"https:\\\/\\\/schema.org\",\"@graph\":[{\"@type\":\"WebPage\",\"@id\":\"https:\\\/\\\/casaelquinto.com\\\/contactar\\\/\",\"url\":\"https:\\\/\\\/casaelquinto.com\\\/contactar\\\/\",\"name\":\"[:es]Contactar - Casa El Quinto[:en]Contact us Casa El Quinto - Rural House Casa El Quinto Lanzarote[:de]Kontakt Casa El Quinto - Landhaus Casa El Quinto Lanzarote[:]\",\"isPartOf\":{\"@id\":\"https:\\\/\\\/casaelquinto.com\\\/#website\"},\"datePublished\":\"2013-06-30T22:01:36+00:00\",\"dateModified\":\"2023-09-24T09:32:16+00:00\",\"description\":\"{:es}Casa El Quinto se encuentra en La Vegueta \u2013 Tinajo. Este pueblo goza de un extraordinario clima y situaci\u00f3n para disfrutar de sus vacaciones en Lanzarote{:en}Casa El Quinto is located in La Vegueta - Tinajo. This village enjoys an extraordinary climate and situation to enjoy your holidays in Lanzarote{:de}Casa El Quinto befindet sich in La Vegueta gelegen - Tinajo. Das Dorf befindet sich in einer au\u00dfergew\u00f6hnlichen Klima und Lage, um Ihren Urlaub in Lanzarote{:}\",\"breadcrumb\":{\"@id\":\"https:\\\/\\\/casaelquinto.com\\\/contactar\\\/#breadcrumb\"},\"inLanguage\":\"de\",\"potentialAction\":[{\"@type\":\"ReadAction\",\"target\":[\"https:\\\/\\\/casaelquinto.com\\\/contactar\\\/\"]}]},{\"@type\":\"BreadcrumbList\",\"@id\":\"https:\\\/\\\/casaelquinto.com\\\/contactar\\\/#breadcrumb\",\"itemListElement\":[{\"@type\":\"ListItem\",\"position\":1,\"name\":\"Portada\",\"item\":\"https:\\\/\\\/casaelquinto.com\\\/\"},{\"@type\":\"ListItem\",\"position\":2,\"name\":\"Contactar\"}]},{\"@type\":\"WebSite\",\"@id\":\"https:\\\/\\\/casaelquinto.com\\\/#website\",\"url\":\"https:\\\/\\\/casaelquinto.com\\\/\",\"name\":\"Casa el quinto\",\"description\":\"Silencio , armon\u00eda y confort\",\"publisher\":{\"@id\":\"https:\\\/\\\/casaelquinto.com\\\/#organization\"},\"potentialAction\":[{\"@type\":\"SearchAction\",\"target\":{\"@type\":\"EntryPoint\",\"urlTemplate\":\"https:\\\/\\\/casaelquinto.com\\\/?s={search_term_string}\"},\"query-input\":{\"@type\":\"PropertyValueSpecification\",\"valueRequired\":true,\"valueName\":\"search_term_string\"}}],\"inLanguage\":\"de\"},{\"@type\":\"Organization\",\"@id\":\"https:\\\/\\\/casaelquinto.com\\\/#organization\",\"name\":\"Finca El Quinto\",\"url\":\"https:\\\/\\\/casaelquinto.com\\\/\",\"logo\":{\"@type\":\"ImageObject\",\"inLanguage\":\"de\",\"@id\":\"https:\\\/\\\/casaelquinto.com\\\/#\\\/schema\\\/logo\\\/image\\\/\",\"url\":\"https:\\\/\\\/casaelquinto.s3.eu-west-1.amazonaws.com\\\/wp-content\\\/uploads\\\/2017\\\/10\\\/logoCasaElQuintox2.png\",\"contentUrl\":\"https:\\\/\\\/casaelquinto.s3.eu-west-1.amazonaws.com\\\/wp-content\\\/uploads\\\/2017\\\/10\\\/logoCasaElQuintox2.png\",\"width\":600,\"height\":207,\"caption\":\"Finca El Quinto\"},\"image\":{\"@id\":\"https:\\\/\\\/casaelquinto.com\\\/#\\\/schema\\\/logo\\\/image\\\/\"}}]}<\/script>\n<!-- \/ Yoast SEO plugin. -->","yoast_head_json":{"title":"[:es]Contactar - Casa El Quinto[:en]Contact us Casa El Quinto - Rural House Casa El Quinto Lanzarote[:de]Kontakt Casa El Quinto - Landhaus Casa El Quinto Lanzarote[:]","description":"{:es}Casa El Quinto se encuentra en La Vegueta \u2013 Tinajo. Este pueblo goza de un extraordinario clima y situaci\u00f3n para disfrutar de sus vacaciones en Lanzarote{:en}Casa El Quinto is located in La Vegueta - Tinajo. This village enjoys an extraordinary climate and situation to enjoy your holidays in Lanzarote{:de}Casa El Quinto befindet sich in La Vegueta gelegen - Tinajo. Das Dorf befindet sich in einer au\u00dfergew\u00f6hnlichen Klima und Lage, um Ihren Urlaub in Lanzarote{:}","robots":{"index":"index","follow":"follow","max-snippet":"max-snippet:-1","max-image-preview":"max-image-preview:large","max-video-preview":"max-video-preview:-1"},"canonical":"https:\/\/casaelquinto.com\/contactar\/","og_locale":"de_DE","og_type":"article","og_title":"[:es]Contactar - Casa El Quinto[:en]Contact us Casa El Quinto - Rural House Casa El Quinto Lanzarote[:de]Kontakt Casa El Quinto - Landhaus Casa El Quinto Lanzarote[:]","og_description":"{:es}Casa El Quinto se encuentra en La Vegueta \u2013 Tinajo. Este pueblo goza de un extraordinario clima y situaci\u00f3n para disfrutar de sus vacaciones en Lanzarote{:en}Casa El Quinto is located in La Vegueta - Tinajo. This village enjoys an extraordinary climate and situation to enjoy your holidays in Lanzarote{:de}Casa El Quinto befindet sich in La Vegueta gelegen - Tinajo. Das Dorf befindet sich in einer au\u00dfergew\u00f6hnlichen Klima und Lage, um Ihren Urlaub in Lanzarote{:}","og_url":"https:\/\/casaelquinto.com\/contactar\/","og_site_name":"Casa el quinto","article_modified_time":"2023-09-24T09:32:16+00:00","twitter_card":"summary_large_image","twitter_misc":{"Gesch\u00e4tzte Lesezeit":"1\u00a0Minute"},"schema":{"@context":"https:\/\/schema.org","@graph":[{"@type":"WebPage","@id":"https:\/\/casaelquinto.com\/contactar\/","url":"https:\/\/casaelquinto.com\/contactar\/","name":"[:es]Contactar - Casa El Quinto[:en]Contact us Casa El Quinto - Rural House Casa El Quinto Lanzarote[:de]Kontakt Casa El Quinto - Landhaus Casa El Quinto Lanzarote[:]","isPartOf":{"@id":"https:\/\/casaelquinto.com\/#website"},"datePublished":"2013-06-30T22:01:36+00:00","dateModified":"2023-09-24T09:32:16+00:00","description":"{:es}Casa El Quinto se encuentra en La Vegueta \u2013 Tinajo. Este pueblo goza de un extraordinario clima y situaci\u00f3n para disfrutar de sus vacaciones en Lanzarote{:en}Casa El Quinto is located in La Vegueta - Tinajo. This village enjoys an extraordinary climate and situation to enjoy your holidays in Lanzarote{:de}Casa El Quinto befindet sich in La Vegueta gelegen - Tinajo. Das Dorf befindet sich in einer au\u00dfergew\u00f6hnlichen Klima und Lage, um Ihren Urlaub in Lanzarote{:}","breadcrumb":{"@id":"https:\/\/casaelquinto.com\/contactar\/#breadcrumb"},"inLanguage":"de","potentialAction":[{"@type":"ReadAction","target":["https:\/\/casaelquinto.com\/contactar\/"]}]},{"@type":"BreadcrumbList","@id":"https:\/\/casaelquinto.com\/contactar\/#breadcrumb","itemListElement":[{"@type":"ListItem","position":1,"name":"Portada","item":"https:\/\/casaelquinto.com\/"},{"@type":"ListItem","position":2,"name":"Contactar"}]},{"@type":"WebSite","@id":"https:\/\/casaelquinto.com\/#website","url":"https:\/\/casaelquinto.com\/","name":"Casa el quinto","description":"Silencio , armon\u00eda y confort","publisher":{"@id":"https:\/\/casaelquinto.com\/#organization"},"potentialAction":[{"@type":"SearchAction","target":{"@type":"EntryPoint","urlTemplate":"https:\/\/casaelquinto.com\/?s={search_term_string}"},"query-input":{"@type":"PropertyValueSpecification","valueRequired":true,"valueName":"search_term_string"}}],"inLanguage":"de"},{"@type":"Organization","@id":"https:\/\/casaelquinto.com\/#organization","name":"Finca El Quinto","url":"https:\/\/casaelquinto.com\/","logo":{"@type":"ImageObject","inLanguage":"de","@id":"https:\/\/casaelquinto.com\/#\/schema\/logo\/image\/","url":"https:\/\/casaelquinto.s3.eu-west-1.amazonaws.com\/wp-content\/uploads\/2017\/10\/logoCasaElQuintox2.png","contentUrl":"https:\/\/casaelquinto.s3.eu-west-1.amazonaws.com\/wp-content\/uploads\/2017\/10\/logoCasaElQuintox2.png","width":600,"height":207,"caption":"Finca El Quinto"},"image":{"@id":"https:\/\/casaelquinto.com\/#\/schema\/logo\/image\/"}}]}},"_links":{"self":[{"href":"https:\/\/casaelquinto.com\/de\/wp-json\/wp\/v2\/pages\/5075","targetHints":{"allow":["GET"]}}],"collection":[{"href":"https:\/\/casaelquinto.com\/de\/wp-json\/wp\/v2\/pages"}],"about":[{"href":"https:\/\/casaelquinto.com\/de\/wp-json\/wp\/v2\/types\/page"}],"author":[{"embeddable":true,"href":"https:\/\/casaelquinto.com\/de\/wp-json\/wp\/v2\/users\/1"}],"replies":[{"embeddable":true,"href":"https:\/\/casaelquinto.com\/de\/wp-json\/wp\/v2\/comments?post=5075"}],"version-history":[{"count":16,"href":"https:\/\/casaelquinto.com\/de\/wp-json\/wp\/v2\/pages\/5075\/revisions"}],"predecessor-version":[{"id":6523,"href":"https:\/\/casaelquinto.com\/de\/wp-json\/wp\/v2\/pages\/5075\/revisions\/6523"}],"wp:attachment":[{"href":"https:\/\/casaelquinto.com\/de\/wp-json\/wp\/v2\/media?parent=5075"}],"curies":[{"name":"wp","href":"https:\/\/api.w.org\/{rel}","templated":true}]}}